{"id":102,"date":"2023-04-17T16:34:14","date_gmt":"2023-04-17T19:34:14","guid":{"rendered":"https:\/\/localhost\/palmeiras-goias-novo\/educacao\/?page_id=102"},"modified":"2023-04-17T16:34:15","modified_gmt":"2023-04-17T19:34:15","slug":"transporte-escolar-rural","status":"publish","type":"page","link":"https:\/\/palmeirasdegoias.go.gov.br\/educacao\/transporte-escolar-rural\/","title":{"rendered":"Transporte Escolar Rural"},"content":{"rendered":"\n<figure class=\"wp-block-table\"><table><thead><tr><th class=\"has-text-align-center\" data-align=\"center\">Linhas<\/th><th class=\"has-text-align-center\" data-align=\"center\">Rotas<\/th><\/tr><\/thead><tbody><tr><td class=\"has-text-align-center\" data-align=\"center\">Linha 01<\/td><td class=\"has-text-align-center\" data-align=\"center\">Vargem Vermelha A<\/td><\/tr><tr><td class=\"has-text-align-center\" data-align=\"center\">Linha 02<\/td><td class=\"has-text-align-center\" data-align=\"center\">Para\u00edso\/ Rio dos Bois<\/td><\/tr><tr><td class=\"has-text-align-center\" data-align=\"center\">Linha 03<\/td><td class=\"has-text-align-center\" data-align=\"center\">C\u00f3rrego Azul e Pi\u00e7arra<\/td><\/tr><tr><td class=\"has-text-align-center\" data-align=\"center\">Linha 04<\/td><td class=\"has-text-align-center\" data-align=\"center\">Sussuapara A<\/td><\/tr><tr><td class=\"has-text-align-center\" data-align=\"center\">Linha 05<\/td><td class=\"has-text-align-center\" data-align=\"center\">Sussuapara B<\/td><\/tr><tr><td class=\"has-text-align-center\" data-align=\"center\">Linha 06<\/td><td class=\"has-text-align-center\" data-align=\"center\">Fazenda Para\u00edso&nbsp; A<\/td><\/tr><tr><td class=\"has-text-align-center\" data-align=\"center\">Linha 07<\/td><td class=\"has-text-align-center\" data-align=\"center\">Fazenda Para\u00edso&nbsp; B<\/td><\/tr><tr><td class=\"has-text-align-center\" data-align=\"center\">Linha 08<\/td><td class=\"has-text-align-center\" data-align=\"center\">Capivari A<\/td><\/tr><tr><td class=\"has-text-align-center\" data-align=\"center\">Linha 09<\/td><td class=\"has-text-align-center\" data-align=\"center\">Capivari&nbsp; B<\/td><\/tr><tr><td class=\"has-text-align-center\" data-align=\"center\">Linha 10<\/td><td class=\"has-text-align-center\" data-align=\"center\">Capivari&nbsp; C<\/td><\/tr><tr><td class=\"has-text-align-center\" data-align=\"center\">Linha 11<\/td><td class=\"has-text-align-center\" data-align=\"center\">Mata Rica<\/td><\/tr><tr><td class=\"has-text-align-center\" data-align=\"center\">Linha 12<\/td><td class=\"has-text-align-center\" data-align=\"center\">Campo Redondo<\/td><\/tr><tr><td class=\"has-text-align-center\" data-align=\"center\">Linha 13<\/td><td class=\"has-text-align-center\" data-align=\"center\">Fazenda Coelho<\/td><\/tr><tr><td class=\"has-text-align-center\" data-align=\"center\">Linha 14<\/td><td class=\"has-text-align-center\" data-align=\"center\">Mata Rica\/ Gar\u00e7a<\/td><\/tr><tr><td class=\"has-text-align-center\" data-align=\"center\">Linha 15<\/td><td class=\"has-text-align-center\" data-align=\"center\">Fazenda da Mata A<\/td><\/tr><tr><td class=\"has-text-align-center\" data-align=\"center\">Linha 16<\/td><td class=\"has-text-align-center\" data-align=\"center\">Fazenda da Mata B<\/td><\/tr><tr><td class=\"has-text-align-center\" data-align=\"center\">Linha 17<\/td><td class=\"has-text-align-center\" data-align=\"center\">Fazenda Barreiro<\/td><\/tr><tr><td class=\"has-text-align-center\" data-align=\"center\">Linha 18<\/td><td class=\"has-text-align-center\" data-align=\"center\">Ponte Nova A<\/td><\/tr><tr><td class=\"has-text-align-center\" data-align=\"center\">Linha 19<\/td><td class=\"has-text-align-center\" data-align=\"center\">Ponte Nova B<\/td><\/tr><tr><td class=\"has-text-align-center\" data-align=\"center\">Linha 20<\/td><td class=\"has-text-align-center\" data-align=\"center\">Ponte Nova&nbsp; C<\/td><\/tr><tr><td class=\"has-text-align-center\" data-align=\"center\">Linha 21<\/td><td class=\"has-text-align-center\" data-align=\"center\">Ponte Nova \/ S\u00e3o Domingos A<\/td><\/tr><tr><td class=\"has-text-align-center\" data-align=\"center\">Linha 22<\/td><td class=\"has-text-align-center\" data-align=\"center\">Jaborandi<\/td><\/tr><tr><td class=\"has-text-align-center\" data-align=\"center\">Linha 23<\/td><td class=\"has-text-align-center\" data-align=\"center\">Brej\u00e3o<\/td><\/tr><tr><td class=\"has-text-align-center\" data-align=\"center\">Linha 24<\/td><td class=\"has-text-align-center\" data-align=\"center\">Camar\u00e3o II<\/td><\/tr><tr><td class=\"has-text-align-center\" data-align=\"center\">Linha 25<\/td><td class=\"has-text-align-center\" data-align=\"center\">Camar\u00e3o \/ Boa Esperan\u00e7a<\/td><\/tr><tr><td class=\"has-text-align-center\" data-align=\"center\">Linha 26<\/td><td class=\"has-text-align-center\" data-align=\"center\">S\u00e3o Jo\u00e3o A<\/td><\/tr><tr><td class=\"has-text-align-center\" data-align=\"center\">Linha 27<\/td><td class=\"has-text-align-center\" data-align=\"center\">S\u00e3o Jo\u00e3o B<\/td><\/tr><tr><td class=\"has-text-align-center\" data-align=\"center\">Linha 28<\/td><td class=\"has-text-align-center\" data-align=\"center\">S\u00e3o Jo\u00e3o C<\/td><\/tr><tr><td class=\"has-text-align-center\" data-align=\"center\">Linha 29<\/td><td class=\"has-text-align-center\" data-align=\"center\">Assentamento Canudos A<\/td><\/tr><tr><td class=\"has-text-align-center\" data-align=\"center\">Linha 30<\/td><td class=\"has-text-align-center\" data-align=\"center\">Assentamento Canudos B<\/td><\/tr><tr><td class=\"has-text-align-center\" data-align=\"center\">Linha 31<\/td><td class=\"has-text-align-center\" data-align=\"center\">Assentamento Canudos C<\/td><\/tr><tr><td class=\"has-text-align-center\" data-align=\"center\">Linha 32<\/td><td class=\"has-text-align-center\" data-align=\"center\">Macaco\/Capivari A<\/td><\/tr><tr><td class=\"has-text-align-center\" data-align=\"center\">Linha 33<\/td><td class=\"has-text-align-center\" data-align=\"center\">Macaco\/Capivari B<\/td><\/tr><tr><td class=\"has-text-align-center\" data-align=\"center\">Linha 34<\/td><td class=\"has-text-align-center\" data-align=\"center\">Vargem Vermelha B<\/td><\/tr><tr><td class=\"has-text-align-center\" data-align=\"center\">Linha 35<\/td><td class=\"has-text-align-center\" data-align=\"center\">Sussuapara \/Rio dos Bois<\/td><\/tr><tr><td class=\"has-text-align-center\" data-align=\"center\">Linha 36<\/td><td class=\"has-text-align-center\" data-align=\"center\">Fazenda Para\u00edso C<\/td><\/tr><tr><td class=\"has-text-align-center\" data-align=\"center\">Linha 37<\/td><td class=\"has-text-align-center\" data-align=\"center\">S\u00e3o Jo\u00e3o D<\/td><\/tr><tr><td class=\"has-text-align-center\" data-align=\"center\">Linha 38<\/td><td class=\"has-text-align-center\" data-align=\"center\">S\u00e3o Jo\u00e3o E<\/td><\/tr><tr><td class=\"has-text-align-center\" data-align=\"center\">Linha 39<\/td><td class=\"has-text-align-center\" data-align=\"center\">Ponte Nova \/ S\u00e3o Domingos B<\/td><\/tr><tr><td class=\"has-text-align-center\" data-align=\"center\">Linha 40<\/td><td class=\"has-text-align-center\" data-align=\"center\">Morro da Antena<\/td><\/tr><tr><td class=\"has-text-align-center\" data-align=\"center\">Linha 41<\/td><td class=\"has-text-align-center\" data-align=\"center\">Assentamento Canudos D<\/td><\/tr><tr><td class=\"has-text-align-center\" data-align=\"center\">Linha 42<\/td><td class=\"has-text-align-center\" data-align=\"center\">Po\u00e7o D\u2019 \u00e1gua<\/td><\/tr><tr><td class=\"has-text-align-center\" data-align=\"center\">Linha 43<\/td><td class=\"has-text-align-center\" data-align=\"center\">Mutum<\/td><\/tr><tr><td class=\"has-text-align-center\" data-align=\"center\">Linha 44<\/td><td class=\"has-text-align-center\" data-align=\"center\">Samambaia<\/td><\/tr><\/tbody><\/table><\/figure>\n","protected":false},"excerpt":{"rendered":"<p>Linhas Rotas Linha 01 Vargem Vermelha A Linha 02 Para\u00edso\/ Rio dos Bois Linha 03 C\u00f3rrego Azul e Pi\u00e7arra Linha 04 Sussuapara A Linha 05 Sussuapara B Linha 06 Fazenda Para\u00edso&nbsp; A Linha 07 Fazenda Para\u00edso&nbsp; B Linha 08 Capivari A Linha 09 Capivari&nbsp; B Linha 10 Capivari&nbsp; C Linha 11 Mata Rica Linha 12 [&hellip;]<\/p>\n","protected":false},"author":1,"featured_media":0,"parent":0,"menu_order":0,"comment_status":"closed","ping_status":"closed","template":"","meta":{"_acf_changed":false,"_seopress_robots_primary_cat":"","_seopress_titles_title":"","_seopress_titles_desc":"","_seopress_robots_index":"","custom_icon_class":"","inline_featured_image":false,"footnotes":""},"class_list":["post-102","page","type-page","status-publish","hentry"],"acf":[],"_links":{"self":[{"href":"https:\/\/palmeirasdegoias.go.gov.br\/educacao\/wp-json\/wp\/v2\/pages\/102","targetHints":{"allow":["GET"]}}],"collection":[{"href":"https:\/\/palmeirasdegoias.go.gov.br\/educacao\/wp-json\/wp\/v2\/pages"}],"about":[{"href":"https:\/\/palmeirasdegoias.go.gov.br\/educacao\/wp-json\/wp\/v2\/types\/page"}],"author":[{"embeddable":true,"href":"https:\/\/palmeirasdegoias.go.gov.br\/educacao\/wp-json\/wp\/v2\/users\/1"}],"replies":[{"embeddable":true,"href":"https:\/\/palmeirasdegoias.go.gov.br\/educacao\/wp-json\/wp\/v2\/comments?post=102"}],"version-history":[{"count":1,"href":"https:\/\/palmeirasdegoias.go.gov.br\/educacao\/wp-json\/wp\/v2\/pages\/102\/revisions"}],"predecessor-version":[{"id":103,"href":"https:\/\/palmeirasdegoias.go.gov.br\/educacao\/wp-json\/wp\/v2\/pages\/102\/revisions\/103"}],"wp:attachment":[{"href":"https:\/\/palmeirasdegoias.go.gov.br\/educacao\/wp-json\/wp\/v2\/media?parent=102"}],"curies":[{"name":"wp","href":"https:\/\/api.w.org\/{rel}","templated":true}]}}